{"id":419,"date":"2017-03-08T11:03:04","date_gmt":"2017-03-08T11:03:04","guid":{"rendered":"http:\/\/www.rdba.ca\/privacy\/?lang=fr"},"modified":"2017-04-14T14:01:51","modified_gmt":"2017-04-14T14:01:51","slug":"privacy","status":"publish","type":"page","link":"https:\/\/staging.rdba.ca\/fr\/privacy\/","title":{"rendered":"Respect de la vie priv\u00e9e"},"content":{"rendered":"<p><strong>Politique de confidentialit\u00e9 du site\u00a0Web<\/strong><\/p>\n<p>La politique de confidentialit\u00e9 du site\u00a0Web couvre la collecte, l\u2019utilisation et la divulgation de renseignements personnels que les utilisateurs inscrivent sur le site\u00a0Web (<a href=\"http:\/\/www.rdba.ca\">www.rdba.ca<\/a>, le \u00ab\u00a0site\u00a0Web\u00a0\u00bb) de l\u2019Association des courtiers en d\u00e9p\u00f4t inscrits (\u00ab\u00a0ACDI\u00a0\u00bb ou \u00ab\u00a0nous\u00a0\u00bb).<\/p>\n<p><strong>Consentement<\/strong><\/p>\n<p>Lorsque vous utilisez le site\u00a0Web ou que vous y inscrivez des renseignements ou que vous en soumettez \u00e0 l\u2019ACDI par son entremise, vous indiquez que vous consentez \u00e0 la collecte, \u00e0 l\u2019utilisation et \u00e0 la divulgation de vos renseignements personnels conform\u00e9ment \u00e0 la politique sur la vie priv\u00e9e pour le site\u00a0Web de l\u2019ACDI (la \u00ab\u00a0Politique\u00a0\u00bb).<\/p>\n<p><strong>Renseignements recueillis automatiquement par l\u2019entremise du site\u00a0Web<\/strong><\/p>\n<p><strong>Renseignements non personnels<\/strong><\/p>\n<p>\u00c0 l\u2019instar de nombreux autres sites\u00a0Web, le n\u00f4tre recueille automatiquement certains renseignements non personnels sur les utilisateurs du site\u00a0Web, notamment la date et l\u2019heure auxquelles vous avez acc\u00e9d\u00e9 au site\u00a0Web, l\u2019adresse\u00a0Internet \u00e0 partir de laquelle vous \u00eates arriv\u00e9 sur le site\u00a0Web, le syst\u00e8me d\u2019exploitation que vous utilisez ainsi que les pages que vous consultez et les images que vous regardez sur le site\u00a0Web. Ces renseignements non personnels servent aux fins d\u2019administration et d\u2019am\u00e9lioration du site\u00a0Web et du syst\u00e8me. Ces renseignements non personnels peuvent \u00eatre divulgu\u00e9s \u00e0 des tiers et conserv\u00e9s de fa\u00e7on permanente \u00e0 des fins ult\u00e9rieures.<\/p>\n<p><strong>T\u00e9moins de connexion<\/strong><\/p>\n<p>Le site\u00a0Web peut utiliser des t\u00e9moins de connexion (cookies). Il s\u2019agit d\u2019une technologie qui installe une petite quantit\u00e9 d\u2019information sur l\u2019ordinateur du visiteur du site\u00a0Web afin de permettre au site\u00a0Web de reconna\u00eetre les utilisateurs de l\u2019ordinateur lors de visites ult\u00e9rieures. Les t\u00e9moins de connexion am\u00e9liorent les aspects pratiques et l\u2019utilisation du site\u00a0Web. Par exemple, l\u2019information que fournissent les t\u00e9moins peut servir \u00e0 vous reconna\u00eetre comme visiteur pass\u00e9 du site\u00a0Web (ainsi, vous n\u2019avez pas \u00e0 entrer vos renseignements personnels chaque fois que vous visitez le site) de m\u00eame qu\u2019\u00e0 vous offrir un contenu personnalis\u00e9 et de l\u2019information pour vous aider \u00e0 naviguer le site et am\u00e9liorer votre exp\u00e9rience. Vous pouvez choisir de refuser l\u2019installation de ces t\u00e9moins sur votre ordinateur si votre navigateur vous permet de la faire; cependant, cette action pourrait limiter votre capacit\u00e9 \u00e0 avoir acc\u00e8s et \u00e0 utiliser certaines options du site\u00a0Web.<\/p>\n<p><strong>Collecte et utilisation de renseignements personnels<\/strong><\/p>\n<p>L\u2019ACDI recueille des renseignements personnels sur les personnes seulement s\u2019il existe des motifs raisonnables pour lesquels ils sont recueillis. Si nous souhaitons nous servir de vos renseignements personnels pour quelque raison que ce soit, nous chercherons \u00e0 obtenir votre consentement avant de les utiliser. Nous pourrions recueillir des renseignements personnels (nom, adresse de courriel, adresse postale, num\u00e9ro de t\u00e9l\u00e9phone, num\u00e9ro de t\u00e9l\u00e9copieur, renseignements li\u00e9s \u00e0 votre emploi, certificats et instances disciplinaires en cas d\u2019infractions aux r\u00e8glements et \u00e0 une loi) pour d\u00e9terminer votre admissibilit\u00e9 \u00e0 devenir membre. Si vous choisissez de ne pas fournir certains renseignements personnels demand\u00e9s, vous pourriez ne pas \u00eatre en mesure d\u2019acc\u00e9der \u00e0 certaines fonctions du site\u00a0Web ni de les utiliser. Nous conserverons vos renseignements personnels seulement pendant le temps requis pour ces motifs.<\/p>\n<p><strong>Divulgation de renseignements personnels<\/strong><\/p>\n<p>L\u2019ACDI ne divulgue aucun renseignement personnel \u00e0 des tiers \u00e0 moins d\u2019avoir obtenu votre consentement. De plus, nous divulguons ces renseignements uniquement lorsque nous y sommes oblig\u00e9s dans le respect des fins pour lesquelles nous avons les avons recueillis.<\/p>\n<ul>\n<li>Nous tenons des renseignements sur les r\u00e9sultats de formation des membres et nous les transmettons uniquement aux organismes avec qui un membre fait affaire afin de respecter nos obligations r\u00e9glementaires.<\/li>\n<li>Si une personne donne des renseignements personnels \u00e0 l\u2019ACDI parce qu\u2019elle aurait soulev\u00e9 une question sur un membre de l\u2019ACDI, il peut \u00eatre n\u00e9cessaire, avec le consentement de cette personne, de fournir de tels renseignements au membre afin de voir s\u2019il y a lieu de soulever la question.<\/li>\n<li>Nous pourrions transmettre vos renseignements personnels \u00e0 nos fournisseurs de produits et de services afin d\u2019enrichir et de maintenir nos banques d\u2019information et notre site\u00a0Web.<\/li>\n<li>L\u2019ACDI peut divulguer vos renseignements personnels \u00e0 un organisme gouvernemental ou \u00e0 une agence de r\u00e9glementation qui a prouv\u00e9 avoir l\u2019autorit\u00e9 au sens de la loi d\u2019obtenir ces renseignements ou lorsque l\u2019ACDI a raison de croire que ces renseignements pourraient \u00eatre utiles dans le cadre d\u2019une enqu\u00eate sur des activit\u00e9s ill\u00e9gales.<\/li>\n<\/ul>\n<p><strong>Courriels et infolettres de l\u2019ACDI<\/strong><\/p>\n<p>Si vous communiquez avec l\u2019ACDI par courriel ou si vous indiquez que vous souhaitez recevoir des courriels de l\u2019ACDI, alors celle-ci peut de temps \u00e0 autre vous faire parvenir un courriel ou d\u2019autres communications comportant des renseignements sur l\u2019ACDI, son site\u00a0Web ou d\u2019autres sujets qui selon l\u2019ACDI pourraient susciter votre int\u00e9r\u00eat. Vous pouvez demander \u00e0 l\u2019ACDI en tout temps de cesser de vous transmettre des courriels, des infolettres ou d\u2019autres renseignements en faisant parvenir votre demande \u00e0 l\u2019adresse de courriel suivante\u00a0: privacy@rdba.ca.<\/p>\n<p><strong>Pr\u00e9servation de vos renseignements personnels<\/strong><\/p>\n<p>L\u2019ACDI veille \u00e0 ce que les renseignements personnels soient enregistr\u00e9s en formats \u00e9lectronique et physique s\u00e9curitaires afin de les prot\u00e9ger contre un acc\u00e8s non autoris\u00e9. Les mesures de s\u00e9curit\u00e9 comprennent des cadenas robustes sur les classeurs, l\u2019acc\u00e8s restreint aux ordinateurs et des pratiques raisonnables de v\u00e9rification personnelle. N\u00e9anmoins, les risques pour la s\u00e9curit\u00e9 ne peuvent pas \u00eatre compl\u00e8tement \u00e9limin\u00e9s, et l\u2019ACDI ne peut pas garantir que vos renseignements personnels ne seront pas utilis\u00e9s ni divulgu\u00e9s de quelque mani\u00e8re que ce soit non mentionn\u00e9e dans la pr\u00e9sente politique.<\/p>\n<p><strong>Exactitude des renseignements personnels et acc\u00e8s \u00e0 ces derniers<\/strong><\/p>\n<p>L\u2019ACDI tient des renseignements personnels aussi exacts, complets, \u00e0 jour et pertinents que n\u00e9cessaire pour les motifs pour lesquels ils sont requis. Vous avez le droit de profiter d\u2019un acc\u00e8s raisonnable \u00e0 vos renseignements personnels \u00e0 l\u2019int\u00e9rieur d\u2019un d\u00e9lai raisonnable. Vous pouvez remettre en question l\u2019exactitude et l\u2019int\u00e9gralit\u00e9 de ces renseignements. Vous pouvez \u00e9galement les faire modifier. Si vous souhaitez avoir acc\u00e8s aux dossiers de l\u2019ACDI sur vos renseignements personnels ou nous aviser de changements, veuillez communiquer avec nous par courriel (<a href=\"mailto:privacy@rdba.ca\">privacy@rdba.ca<\/a>) ou par t\u00e9l\u00e9phone (1\u00a0866\u00a0261-6263).<\/p>\n","protected":false},"excerpt":{"rendered":"<p>Politique de confidentialit\u00e9 du site\u00a0Web La politique de confidentialit\u00e9 du site\u00a0Web couvre la collecte, l\u2019utilisation et la divulgation de renseignements personnels que les utilisateurs inscrivent sur le site\u00a0Web (www.rdba.ca, le \u00ab\u00a0site\u00a0Web\u00a0\u00bb) de l\u2019Association des courtiers en d\u00e9p\u00f4t inscrits (\u00ab\u00a0ACDI\u00a0\u00bb ou \u00ab\u00a0nous\u00a0\u00bb). Consentement Lorsque vous utilisez le site\u00a0Web ou que vous y inscrivez des renseignements ou &hellip; <\/p>\n<p class=\"link-more\"><a href=\"https:\/\/staging.rdba.ca\/fr\/privacy\/\" class=\"more-link\">Continue reading<span class=\"screen-reader-text\"> \u00ab\u00a0Respect de la vie priv\u00e9e\u00a0\u00bb<\/span><\/a><\/p>\n","protected":false},"author":1,"featured_media":0,"parent":0,"menu_order":7,"comment_status":"closed","ping_status":"closed","template":"","meta":{"_acf_changed":false,"footnotes":""},"class_list":["post-419","page","type-page","status-publish","hentry"],"acf":[],"yoast_head":"<!-- This site is optimized with the Yoast SEO plugin v27.3 - https:\/\/yoast.com\/product\/yoast-seo-wordpress\/ -->\n<title>Respect de la vie priv\u00e9e - Registered Deposit Brokers Association<\/title>\n<meta name=\"robots\" content=\"noindex, follow, max-snippet:-1, max-image-preview:large, max-video-preview:-1\" \/>\n<meta property=\"og:locale\" content=\"fr_FR\" \/>\n<meta property=\"og:type\" content=\"article\" \/>\n<meta property=\"og:title\" content=\"Respect de la vie priv\u00e9e - Registered Deposit Brokers Association\" \/>\n<meta property=\"og:description\" content=\"Politique de confidentialit\u00e9 du site\u00a0Web La politique de confidentialit\u00e9 du site\u00a0Web couvre la collecte, l\u2019utilisation et la divulgation de renseignements personnels que les utilisateurs inscrivent sur le site\u00a0Web (www.rdba.ca, le \u00ab\u00a0site\u00a0Web\u00a0\u00bb) de l\u2019Association des courtiers en d\u00e9p\u00f4t inscrits (\u00ab\u00a0ACDI\u00a0\u00bb ou \u00ab\u00a0nous\u00a0\u00bb). Consentement Lorsque vous utilisez le site\u00a0Web ou que vous y inscrivez des renseignements ou &hellip; Continue reading &quot;Respect de la vie priv\u00e9e&quot;\" \/>\n<meta property=\"og:url\" content=\"https:\/\/staging.rdba.ca\/fr\/privacy\/\" \/>\n<meta property=\"og:site_name\" content=\"Registered Deposit Brokers Association\" \/>\n<meta property=\"article:modified_time\" content=\"2017-04-14T14:01:51+00:00\" \/>\n<meta name=\"twitter:card\" content=\"summary_large_image\" \/>\n<meta name=\"twitter:label1\" content=\"Dur\u00e9e de lecture estim\u00e9e\" \/>\n\t<meta name=\"twitter:data1\" content=\"5 minutes\" \/>\n<script type=\"application\/ld+json\" class=\"yoast-schema-graph\">{\"@context\":\"https:\\\/\\\/schema.org\",\"@graph\":[{\"@type\":\"WebPage\",\"@id\":\"https:\\\/\\\/staging.rdba.ca\\\/fr\\\/privacy\\\/\",\"url\":\"https:\\\/\\\/staging.rdba.ca\\\/fr\\\/privacy\\\/\",\"name\":\"Respect de la vie priv\u00e9e - Registered Deposit Brokers Association\",\"isPartOf\":{\"@id\":\"https:\\\/\\\/staging.rdba.ca\\\/#website\"},\"datePublished\":\"2017-03-08T11:03:04+00:00\",\"dateModified\":\"2017-04-14T14:01:51+00:00\",\"breadcrumb\":{\"@id\":\"https:\\\/\\\/staging.rdba.ca\\\/fr\\\/privacy\\\/#breadcrumb\"},\"inLanguage\":\"fr-FR\",\"potentialAction\":[{\"@type\":\"ReadAction\",\"target\":[\"https:\\\/\\\/staging.rdba.ca\\\/fr\\\/privacy\\\/\"]}]},{\"@type\":\"BreadcrumbList\",\"@id\":\"https:\\\/\\\/staging.rdba.ca\\\/fr\\\/privacy\\\/#breadcrumb\",\"itemListElement\":[{\"@type\":\"ListItem\",\"position\":1,\"name\":\"Home\",\"item\":\"https:\\\/\\\/staging.rdba.ca\\\/fr\\\/\"},{\"@type\":\"ListItem\",\"position\":2,\"name\":\"Respect de la vie priv\u00e9e\"}]},{\"@type\":\"WebSite\",\"@id\":\"https:\\\/\\\/staging.rdba.ca\\\/#website\",\"url\":\"https:\\\/\\\/staging.rdba.ca\\\/\",\"name\":\"Registered Deposit Brokers Association\",\"description\":\"\",\"publisher\":{\"@id\":\"https:\\\/\\\/staging.rdba.ca\\\/#organization\"},\"potentialAction\":[{\"@type\":\"SearchAction\",\"target\":{\"@type\":\"EntryPoint\",\"urlTemplate\":\"https:\\\/\\\/staging.rdba.ca\\\/?s={search_term_string}\"},\"query-input\":{\"@type\":\"PropertyValueSpecification\",\"valueRequired\":true,\"valueName\":\"search_term_string\"}}],\"inLanguage\":\"fr-FR\"},{\"@type\":\"Organization\",\"@id\":\"https:\\\/\\\/staging.rdba.ca\\\/#organization\",\"name\":\"Registered Deposit Brokers Association\",\"url\":\"https:\\\/\\\/staging.rdba.ca\\\/\",\"logo\":{\"@type\":\"ImageObject\",\"inLanguage\":\"fr-FR\",\"@id\":\"https:\\\/\\\/staging.rdba.ca\\\/#\\\/schema\\\/logo\\\/image\\\/\",\"url\":\"https:\\\/\\\/staging.rdba.ca\\\/wp-content\\\/uploads\\\/2017\\\/03\\\/logo.png\",\"contentUrl\":\"https:\\\/\\\/staging.rdba.ca\\\/wp-content\\\/uploads\\\/2017\\\/03\\\/logo.png\",\"width\":322,\"height\":79,\"caption\":\"Registered Deposit Brokers Association\"},\"image\":{\"@id\":\"https:\\\/\\\/staging.rdba.ca\\\/#\\\/schema\\\/logo\\\/image\\\/\"}}]}<\/script>\n<!-- \/ Yoast SEO plugin. -->","yoast_head_json":{"title":"Respect de la vie priv\u00e9e - Registered Deposit Brokers Association","robots":{"index":"noindex","follow":"follow","max-snippet":"max-snippet:-1","max-image-preview":"max-image-preview:large","max-video-preview":"max-video-preview:-1"},"og_locale":"fr_FR","og_type":"article","og_title":"Respect de la vie priv\u00e9e - Registered Deposit Brokers Association","og_description":"Politique de confidentialit\u00e9 du site\u00a0Web La politique de confidentialit\u00e9 du site\u00a0Web couvre la collecte, l\u2019utilisation et la divulgation de renseignements personnels que les utilisateurs inscrivent sur le site\u00a0Web (www.rdba.ca, le \u00ab\u00a0site\u00a0Web\u00a0\u00bb) de l\u2019Association des courtiers en d\u00e9p\u00f4t inscrits (\u00ab\u00a0ACDI\u00a0\u00bb ou \u00ab\u00a0nous\u00a0\u00bb). Consentement Lorsque vous utilisez le site\u00a0Web ou que vous y inscrivez des renseignements ou &hellip; Continue reading \"Respect de la vie priv\u00e9e\"","og_url":"https:\/\/staging.rdba.ca\/fr\/privacy\/","og_site_name":"Registered Deposit Brokers Association","article_modified_time":"2017-04-14T14:01:51+00:00","twitter_card":"summary_large_image","twitter_misc":{"Dur\u00e9e de lecture estim\u00e9e":"5 minutes"},"schema":{"@context":"https:\/\/schema.org","@graph":[{"@type":"WebPage","@id":"https:\/\/staging.rdba.ca\/fr\/privacy\/","url":"https:\/\/staging.rdba.ca\/fr\/privacy\/","name":"Respect de la vie priv\u00e9e - Registered Deposit Brokers Association","isPartOf":{"@id":"https:\/\/staging.rdba.ca\/#website"},"datePublished":"2017-03-08T11:03:04+00:00","dateModified":"2017-04-14T14:01:51+00:00","breadcrumb":{"@id":"https:\/\/staging.rdba.ca\/fr\/privacy\/#breadcrumb"},"inLanguage":"fr-FR","potentialAction":[{"@type":"ReadAction","target":["https:\/\/staging.rdba.ca\/fr\/privacy\/"]}]},{"@type":"BreadcrumbList","@id":"https:\/\/staging.rdba.ca\/fr\/privacy\/#breadcrumb","itemListElement":[{"@type":"ListItem","position":1,"name":"Home","item":"https:\/\/staging.rdba.ca\/fr\/"},{"@type":"ListItem","position":2,"name":"Respect de la vie priv\u00e9e"}]},{"@type":"WebSite","@id":"https:\/\/staging.rdba.ca\/#website","url":"https:\/\/staging.rdba.ca\/","name":"Registered Deposit Brokers Association","description":"","publisher":{"@id":"https:\/\/staging.rdba.ca\/#organization"},"potentialAction":[{"@type":"SearchAction","target":{"@type":"EntryPoint","urlTemplate":"https:\/\/staging.rdba.ca\/?s={search_term_string}"},"query-input":{"@type":"PropertyValueSpecification","valueRequired":true,"valueName":"search_term_string"}}],"inLanguage":"fr-FR"},{"@type":"Organization","@id":"https:\/\/staging.rdba.ca\/#organization","name":"Registered Deposit Brokers Association","url":"https:\/\/staging.rdba.ca\/","logo":{"@type":"ImageObject","inLanguage":"fr-FR","@id":"https:\/\/staging.rdba.ca\/#\/schema\/logo\/image\/","url":"https:\/\/staging.rdba.ca\/wp-content\/uploads\/2017\/03\/logo.png","contentUrl":"https:\/\/staging.rdba.ca\/wp-content\/uploads\/2017\/03\/logo.png","width":322,"height":79,"caption":"Registered Deposit Brokers Association"},"image":{"@id":"https:\/\/staging.rdba.ca\/#\/schema\/logo\/image\/"}}]}},"_links":{"self":[{"href":"https:\/\/staging.rdba.ca\/fr\/wp-json\/wp\/v2\/pages\/419","targetHints":{"allow":["GET"]}}],"collection":[{"href":"https:\/\/staging.rdba.ca\/fr\/wp-json\/wp\/v2\/pages"}],"about":[{"href":"https:\/\/staging.rdba.ca\/fr\/wp-json\/wp\/v2\/types\/page"}],"author":[{"embeddable":true,"href":"https:\/\/staging.rdba.ca\/fr\/wp-json\/wp\/v2\/users\/1"}],"replies":[{"embeddable":true,"href":"https:\/\/staging.rdba.ca\/fr\/wp-json\/wp\/v2\/comments?post=419"}],"version-history":[{"count":4,"href":"https:\/\/staging.rdba.ca\/fr\/wp-json\/wp\/v2\/pages\/419\/revisions"}],"predecessor-version":[{"id":768,"href":"https:\/\/staging.rdba.ca\/fr\/wp-json\/wp\/v2\/pages\/419\/revisions\/768"}],"wp:attachment":[{"href":"https:\/\/staging.rdba.ca\/fr\/wp-json\/wp\/v2\/media?parent=419"}],"curies":[{"name":"wp","href":"https:\/\/api.w.org\/{rel}","templated":true}]}}