{"id":437,"date":"2017-03-16T17:43:49","date_gmt":"2017-03-16T17:43:49","guid":{"rendered":"http:\/\/www.rdba.ca\/?page_id=437&#038;lang=fr"},"modified":"2024-07-15T16:50:20","modified_gmt":"2024-07-15T16:50:20","slug":"find-a-broker","status":"publish","type":"page","link":"https:\/\/staging.rdba.ca\/fr\/find-a-broker\/","title":{"rendered":"Trouver un courtier en d\u00e9p\u00f4t"},"content":{"rendered":"<h2 class=\"intro\">Pourquoi choisir un courtier en d\u00e9p\u00f4t?<\/h2>\n<p class=\"rdba_txt\">Les courtiers en d\u00e9p\u00f4t sont des professionnels de la finance qui peuvent vous obtenir les meilleurs taux de CPG des banques canadiennes, des soci\u00e9t\u00e9s de fiducie et des coop\u00e9ratives de cr\u00e9dit. De nombreux courtiers en d\u00e9p\u00f4t donnent \u00e9galement des conseils en planification de la retraite et des placements. Les courtiers en d\u00e9p\u00f4t collaborent avec de nombreuses institutions financi\u00e8res afin de vous offrir plusieurs choix.\u00a0<strong><em>Les courtiers en d\u00e9p\u00f4t travaillent pour vous!<\/em><\/strong><\/p>\n<p class=\"rdba_txt\">Tous les courtiers en d\u00e9p\u00f4t que vous trouverez \u00e0 l\u2019aide du moteur de recherche de l\u2019ACDI sont des membres en r\u00e8gle de l\u2019ACDI. L\u2019ACDI \u00e9value ses membres tous les ans et exige qu\u2019ils suivent sa formation sur la lutte contre le blanchiment d\u2019argent.<\/p>\n<p class=\"rdba_txt\">Investissez en toute tranquillit\u00e9 d\u2019esprit et laissez un courtier en d\u00e9p\u00f4t vous aider \u00e0 obtenir le meilleur taux pour un certificat de placement garanti \u00e0 votre nom.<\/p>\n<p class=\"rdba_txt\">Le moteur de recherche est pris en charge par Microsoft Internet Explorer 10 et les versions ult\u00e9rieures ou par la version actuelle de Firefox ou de Chrome.\u00a0<a href=\"https:\/\/staging.rdba.ca\/fr\/aide-pour-le-site-web\/\">Pourquoi devrais-je mettre \u00e0 jour mon navigateur?<\/a><\/p>\n","protected":false},"excerpt":{"rendered":"<p>Pourquoi choisir un courtier en d\u00e9p\u00f4t? Les courtiers en d\u00e9p\u00f4t sont des professionnels de la finance qui peuvent vous obtenir les meilleurs taux de CPG des banques canadiennes, des soci\u00e9t\u00e9s de fiducie et des coop\u00e9ratives de cr\u00e9dit. De nombreux courtiers en d\u00e9p\u00f4t donnent \u00e9galement des conseils en planification de la retraite et des placements. Les &hellip; <\/p>\n<p class=\"link-more\"><a href=\"https:\/\/staging.rdba.ca\/fr\/find-a-broker\/\" class=\"more-link\">Continue reading<span class=\"screen-reader-text\"> \u00ab\u00a0Trouver un courtier en d\u00e9p\u00f4t\u00a0\u00bb<\/span><\/a><\/p>\n","protected":false},"author":4,"featured_media":0,"parent":0,"menu_order":6,"comment_status":"closed","ping_status":"closed","template":"","meta":{"_acf_changed":false,"footnotes":""},"class_list":["post-437","page","type-page","status-publish","hentry"],"acf":[],"yoast_head":"<!-- This site is optimized with the Yoast SEO plugin v27.3 - https:\/\/yoast.com\/product\/yoast-seo-wordpress\/ -->\n<title>Trouver un courtier en d\u00e9p\u00f4t - Registered Deposit Brokers Association<\/title>\n<meta name=\"description\" content=\"Deposit Brokers get you the best GIC rates. Find a Deposit Broker in your area.\" \/>\n<meta name=\"robots\" content=\"noindex, follow, max-snippet:-1, max-image-preview:large, max-video-preview:-1\" \/>\n<meta property=\"og:locale\" content=\"fr_FR\" \/>\n<meta property=\"og:type\" content=\"article\" \/>\n<meta property=\"og:title\" content=\"Trouver un courtier en d\u00e9p\u00f4t - Registered Deposit Brokers Association\" \/>\n<meta property=\"og:description\" content=\"Deposit Brokers get you the best GIC rates. Find a Deposit Broker in your area.\" \/>\n<meta property=\"og:url\" content=\"https:\/\/staging.rdba.ca\/fr\/find-a-broker\/\" \/>\n<meta property=\"og:site_name\" content=\"Registered Deposit Brokers Association\" \/>\n<meta property=\"article:modified_time\" content=\"2024-07-15T16:50:20+00:00\" \/>\n<meta name=\"twitter:card\" content=\"summary_large_image\" \/>\n<meta name=\"twitter:label1\" content=\"Dur\u00e9e de lecture estim\u00e9e\" \/>\n\t<meta name=\"twitter:data1\" content=\"1 minute\" \/>\n<script type=\"application\/ld+json\" class=\"yoast-schema-graph\">{\"@context\":\"https:\\\/\\\/schema.org\",\"@graph\":[{\"@type\":\"WebPage\",\"@id\":\"https:\\\/\\\/staging.rdba.ca\\\/fr\\\/find-a-broker\\\/\",\"url\":\"https:\\\/\\\/staging.rdba.ca\\\/fr\\\/find-a-broker\\\/\",\"name\":\"Trouver un courtier en d\u00e9p\u00f4t - Registered Deposit Brokers Association\",\"isPartOf\":{\"@id\":\"https:\\\/\\\/staging.rdba.ca\\\/#website\"},\"datePublished\":\"2017-03-16T17:43:49+00:00\",\"dateModified\":\"2024-07-15T16:50:20+00:00\",\"description\":\"Deposit Brokers get you the best GIC rates. Find a Deposit Broker in your area.\",\"breadcrumb\":{\"@id\":\"https:\\\/\\\/staging.rdba.ca\\\/fr\\\/find-a-broker\\\/#breadcrumb\"},\"inLanguage\":\"fr-FR\",\"potentialAction\":[{\"@type\":\"ReadAction\",\"target\":[\"https:\\\/\\\/staging.rdba.ca\\\/fr\\\/find-a-broker\\\/\"]}]},{\"@type\":\"BreadcrumbList\",\"@id\":\"https:\\\/\\\/staging.rdba.ca\\\/fr\\\/find-a-broker\\\/#breadcrumb\",\"itemListElement\":[{\"@type\":\"ListItem\",\"position\":1,\"name\":\"Home\",\"item\":\"https:\\\/\\\/staging.rdba.ca\\\/fr\\\/\"},{\"@type\":\"ListItem\",\"position\":2,\"name\":\"Trouver un courtier en d\u00e9p\u00f4t\"}]},{\"@type\":\"WebSite\",\"@id\":\"https:\\\/\\\/staging.rdba.ca\\\/#website\",\"url\":\"https:\\\/\\\/staging.rdba.ca\\\/\",\"name\":\"Registered Deposit Brokers Association\",\"description\":\"\",\"publisher\":{\"@id\":\"https:\\\/\\\/staging.rdba.ca\\\/#organization\"},\"potentialAction\":[{\"@type\":\"SearchAction\",\"target\":{\"@type\":\"EntryPoint\",\"urlTemplate\":\"https:\\\/\\\/staging.rdba.ca\\\/?s={search_term_string}\"},\"query-input\":{\"@type\":\"PropertyValueSpecification\",\"valueRequired\":true,\"valueName\":\"search_term_string\"}}],\"inLanguage\":\"fr-FR\"},{\"@type\":\"Organization\",\"@id\":\"https:\\\/\\\/staging.rdba.ca\\\/#organization\",\"name\":\"Registered Deposit Brokers Association\",\"url\":\"https:\\\/\\\/staging.rdba.ca\\\/\",\"logo\":{\"@type\":\"ImageObject\",\"inLanguage\":\"fr-FR\",\"@id\":\"https:\\\/\\\/staging.rdba.ca\\\/#\\\/schema\\\/logo\\\/image\\\/\",\"url\":\"https:\\\/\\\/staging.rdba.ca\\\/wp-content\\\/uploads\\\/2017\\\/03\\\/logo.png\",\"contentUrl\":\"https:\\\/\\\/staging.rdba.ca\\\/wp-content\\\/uploads\\\/2017\\\/03\\\/logo.png\",\"width\":322,\"height\":79,\"caption\":\"Registered Deposit Brokers Association\"},\"image\":{\"@id\":\"https:\\\/\\\/staging.rdba.ca\\\/#\\\/schema\\\/logo\\\/image\\\/\"}}]}<\/script>\n<!-- \/ Yoast SEO plugin. -->","yoast_head_json":{"title":"Trouver un courtier en d\u00e9p\u00f4t - Registered Deposit Brokers Association","description":"Deposit Brokers get you the best GIC rates. Find a Deposit Broker in your area.","robots":{"index":"noindex","follow":"follow","max-snippet":"max-snippet:-1","max-image-preview":"max-image-preview:large","max-video-preview":"max-video-preview:-1"},"og_locale":"fr_FR","og_type":"article","og_title":"Trouver un courtier en d\u00e9p\u00f4t - Registered Deposit Brokers Association","og_description":"Deposit Brokers get you the best GIC rates. Find a Deposit Broker in your area.","og_url":"https:\/\/staging.rdba.ca\/fr\/find-a-broker\/","og_site_name":"Registered Deposit Brokers Association","article_modified_time":"2024-07-15T16:50:20+00:00","twitter_card":"summary_large_image","twitter_misc":{"Dur\u00e9e de lecture estim\u00e9e":"1 minute"},"schema":{"@context":"https:\/\/schema.org","@graph":[{"@type":"WebPage","@id":"https:\/\/staging.rdba.ca\/fr\/find-a-broker\/","url":"https:\/\/staging.rdba.ca\/fr\/find-a-broker\/","name":"Trouver un courtier en d\u00e9p\u00f4t - Registered Deposit Brokers Association","isPartOf":{"@id":"https:\/\/staging.rdba.ca\/#website"},"datePublished":"2017-03-16T17:43:49+00:00","dateModified":"2024-07-15T16:50:20+00:00","description":"Deposit Brokers get you the best GIC rates. Find a Deposit Broker in your area.","breadcrumb":{"@id":"https:\/\/staging.rdba.ca\/fr\/find-a-broker\/#breadcrumb"},"inLanguage":"fr-FR","potentialAction":[{"@type":"ReadAction","target":["https:\/\/staging.rdba.ca\/fr\/find-a-broker\/"]}]},{"@type":"BreadcrumbList","@id":"https:\/\/staging.rdba.ca\/fr\/find-a-broker\/#breadcrumb","itemListElement":[{"@type":"ListItem","position":1,"name":"Home","item":"https:\/\/staging.rdba.ca\/fr\/"},{"@type":"ListItem","position":2,"name":"Trouver un courtier en d\u00e9p\u00f4t"}]},{"@type":"WebSite","@id":"https:\/\/staging.rdba.ca\/#website","url":"https:\/\/staging.rdba.ca\/","name":"Registered Deposit Brokers Association","description":"","publisher":{"@id":"https:\/\/staging.rdba.ca\/#organization"},"potentialAction":[{"@type":"SearchAction","target":{"@type":"EntryPoint","urlTemplate":"https:\/\/staging.rdba.ca\/?s={search_term_string}"},"query-input":{"@type":"PropertyValueSpecification","valueRequired":true,"valueName":"search_term_string"}}],"inLanguage":"fr-FR"},{"@type":"Organization","@id":"https:\/\/staging.rdba.ca\/#organization","name":"Registered Deposit Brokers Association","url":"https:\/\/staging.rdba.ca\/","logo":{"@type":"ImageObject","inLanguage":"fr-FR","@id":"https:\/\/staging.rdba.ca\/#\/schema\/logo\/image\/","url":"https:\/\/staging.rdba.ca\/wp-content\/uploads\/2017\/03\/logo.png","contentUrl":"https:\/\/staging.rdba.ca\/wp-content\/uploads\/2017\/03\/logo.png","width":322,"height":79,"caption":"Registered Deposit Brokers Association"},"image":{"@id":"https:\/\/staging.rdba.ca\/#\/schema\/logo\/image\/"}}]}},"_links":{"self":[{"href":"https:\/\/staging.rdba.ca\/fr\/wp-json\/wp\/v2\/pages\/437","targetHints":{"allow":["GET"]}}],"collection":[{"href":"https:\/\/staging.rdba.ca\/fr\/wp-json\/wp\/v2\/pages"}],"about":[{"href":"https:\/\/staging.rdba.ca\/fr\/wp-json\/wp\/v2\/types\/page"}],"author":[{"embeddable":true,"href":"https:\/\/staging.rdba.ca\/fr\/wp-json\/wp\/v2\/users\/4"}],"replies":[{"embeddable":true,"href":"https:\/\/staging.rdba.ca\/fr\/wp-json\/wp\/v2\/comments?post=437"}],"version-history":[{"count":22,"href":"https:\/\/staging.rdba.ca\/fr\/wp-json\/wp\/v2\/pages\/437\/revisions"}],"predecessor-version":[{"id":7779,"href":"https:\/\/staging.rdba.ca\/fr\/wp-json\/wp\/v2\/pages\/437\/revisions\/7779"}],"wp:attachment":[{"href":"https:\/\/staging.rdba.ca\/fr\/wp-json\/wp\/v2\/media?parent=437"}],"curies":[{"name":"wp","href":"https:\/\/api.w.org\/{rel}","templated":true}]}}