{"id":769,"date":"2017-04-14T14:02:55","date_gmt":"2017-04-14T14:02:55","guid":{"rendered":"http:\/\/www.rdba.ca\/?page_id=769\/"},"modified":"2017-04-26T20:07:32","modified_gmt":"2017-04-26T20:07:32","slug":"aide-pour-le-site-web","status":"publish","type":"page","link":"https:\/\/staging.rdba.ca\/fr\/aide-pour-le-site-web\/","title":{"rendered":"Aide pour le site\u00a0Web"},"content":{"rendered":"<p><strong>Quelle version de logiciel utilisez-vous?<\/strong><\/p>\n<p>Si le logiciel que vous utilisez n\u2019est pas \u00e0 jour, de nombreux sites\u00a0Web, y\u00a0compris le n\u00f4tre, pourraient ne pas fonctionner correctement. Notre site\u00a0Web a fait l\u2019objet de tests pour v\u00e9rifier sa compatibilit\u00e9 avec la plupart des logiciels et des outils courants. Toutefois, certaines anciennes versions des navigateurs et des syst\u00e8mes d\u2019exploitation, comme <a href=\"http:\/\/windows.microsoft.com\/en-ca\/windows\/end-support-help\">Windows XP<\/a>, ne sont plus prises en charge. La mise \u00e0 jour de Windows, du logiciel de s\u00e9curit\u00e9 ou du navigateur, suivie du red\u00e9marrage de l\u2019ordinateur, r\u00e9glera ce probl\u00e8me.<\/p>\n<p><strong>Pourquoi devriez-vous mettre \u00e0 jour votre navigateur?<\/strong><\/p>\n<p>Un navigateur est le logiciel dont vous vous servez pour naviguer sur Internet. Il vous permet d\u2019acc\u00e9der \u00e0 des pages comme celle-ci. Si le navigateur n\u2019est pas \u00e0 jour, certaines pages ne s\u2019afficheront pas comme pr\u00e9vu. La mise \u00e0 jour du navigateur \u00e0 la version la plus r\u00e9cente connue vous permettra de profiter de la meilleure exp\u00e9rience que les sites\u00a0Web modernes peuvent vous offrir.<\/p>\n<p>De nombreuses personnes se sont habitu\u00e9es \u00e0 consulter des sites\u00a0Web au moyen du navigateur Internet Explorer de Microsoft, lequel est int\u00e9gr\u00e9 au syst\u00e8me d\u2019exploitation\u00a0Windows des ordinateurs personnels. M\u00eame si vous connaissez bien ce navigateur, il n\u2019est pas la meilleure option sur le march\u00e9. De plus, l\u2019utilisation d\u2019une ancienne version de ce navigateur est souvent la raison pour laquelle certains sites\u00a0Web ne fonctionnent pas correctement.<\/p>\n<p>Vous trouverez ci-dessous un lien pour mettre \u00e0 jour Internet Explorer\u00a0:<\/p>\n<p><a href=\"http:\/\/windows.microsoft.com\/en-CA\/internet-explorer\/download-ie\">Mettre \u00e0 jour Internet Explorer<\/a><\/p>\n<p>Vous trouverez ci-dessous des liens pour t\u00e9l\u00e9charger d\u2019autres navigateurs pris\u00e9s\u00a0:<\/p>\n<p><a href=\"https:\/\/www.google.com\/chrome\/browser\/desktop\/\">T\u00e9l\u00e9charger Google Chrome<\/a><\/p>\n<p><a href=\"https:\/\/www.mozilla.org\/en-US\/firefox\/new\/\">T\u00e9l\u00e9charger Mozilla Firefox<\/a><\/p>\n<p><strong>Fin de session<\/strong><\/p>\n<p>Si vous choisissez de remplir le formulaire d\u2019adh\u00e9sion en ligne, faites en sorte d\u2019avoir suffisamment de temps pour le faire d\u2019un trait. Si vous d\u00e9laissez l\u2019\u00e9cran pendant plus de 45\u00a0minutes, votre session sera interrompue et vous devrez recommencer.<\/p>\n<p><strong>Comment activer le JavaScript dans votre navigateur<\/strong><\/p>\n<p>La plupart des sites\u00a0Web sont \u00e9crits en JavaScript, et les concepteurs de sites\u00a0Web se servent de ce langage pour cr\u00e9er des sites tr\u00e8s interactifs. Si la fonction JavaScript de votre navigateur est d\u00e9sactiv\u00e9e, de nombreuses pages Web, dont certaines parties du site de l\u2019ACDI, ne fonctionneront pas ad\u00e9quatement.<br \/>\nLes instructions ci-dessous fonctionnent pour les versions les plus r\u00e9centes des navigateurs nomm\u00e9s qui fonctionnent sur la plate-forme Windows\u00a07 ou une des versions ult\u00e9rieures de Windows.<\/p>\n<p><strong>Chrome<\/strong><\/p>\n<ul>\n<li>Cliquez sur l\u2019ic\u00f4ne dans le coin sup\u00e9rieur droit de la fen\u00eatre du navigateur Chrome.<\/li>\n<li>Choisissez l\u2019option \u00ab\u00a0Param\u00e8tres\u00a0\u00bb.<\/li>\n<li>Lorsqu\u2019un nouvel onglet s\u2019ouvre, allez tout en bas du menu et cliquez sur \u00ab\u00a0Afficher les param\u00e8tres avanc\u00e9s\u2026\u00a0\u00bb.<\/li>\n<li>Dans la section \u00ab\u00a0Confidentialit\u00e9\u00a0\u00bb, cliquez sur le bouton \u00ab\u00a0Param\u00e8tres de contenu\u2026\u00a0\u00bb.<\/li>\n<li>Allez tout en bas de la section JavaScript et s\u00e9lectionnez le bouton de radio \u00ab\u00a0Autoriser tous les sites \u00e0 ex\u00e9cuter JavaScript (recommand\u00e9)\u00a0\u00bb.<\/li>\n<li>Cliquez sur le bouton \u00ab\u00a0OK\u00a0\u00bb dans le coin inf\u00e9rieur droit.<\/li>\n<li>Fermez l\u2019onglet \u00ab\u00a0Param\u00e8tres\u00a0\u00bb.<\/li>\n<\/ul>\n<p><strong>Firefox<\/strong><\/p>\n<ul>\n<li>Dans la barre d\u2019adresse, \u00e9crivez \u00ab\u00a0about:config\u00a0\u00bb (sans guillemets) et appuyez sur Entr\u00e9e.<\/li>\n<li>Cliquez sur \u00ab\u00a0Je prends le risque\u00a0\u00bb.<\/li>\n<li>Dans la barre de recherche, inscrivez \u00ab\u00a0javascript.enabled\u00a0\u00bb (sans guillemets).<\/li>\n<li>Cliquez sur le bouton droit de la souris en pointant le curseur sur le r\u00e9sultat \u00ab\u00a0javascript.enabled\u00a0\u00bb et cliquez sur \u00ab\u00a0Inverser\u00a0\u00bb pour changer la valeur pour \u00ab\u00a0true\u00a0\u00bb.<\/li>\n<\/ul>\n<p><strong>Internet Explorer\u00a011<\/strong><\/p>\n<ul>\n<li>Cliquez sur l\u2019ic\u00f4ne dans le coin sup\u00e9rieur droit de la fen\u00eatre du navigateur Internet Explorer.<\/li>\n<li>S\u00e9lectionnez \u00ab\u00a0Options Internet\u00a0\u00bb.<\/li>\n<li>Dans la bo\u00eete de dialogue Options Internet, cliquez sur l\u2019onglet\u00a0\u00ab\u00a0Securi\u00e9\u00a0\u00bb.<\/li>\n<li>S\u00e9lectionnez la zone Internet et cliquez sur le bouton \u00ab\u00a0Personnaliser le niveau&#8230;\u00a0\u00bb.<\/li>\n<li>Dans la bo\u00eete de dialogue \u00ab\u00a0Param\u00e8tres de s\u00e9curit\u00e9 \u2013 Zone Internet\u00a0\u00bb, d\u00e9filez pratiquement tout en bas et, sous la mention \u00ab\u00a0Script \u2013 Scripts ASP\u00a0\u00bb, s\u00e9lectionnez le bouton de radio \u00ab\u00a0Activer\u00a0\u00bb.<\/li>\n<li>Cliquez sur le bouton \u00ab\u00a0OK\u00a0\u00bb.<\/li>\n<li>Une bo\u00eete de dialogue d\u2019avertissement s\u2019affiche et vous demande \u00ab\u00a0Voulez-vous vraiment modifier les param\u00e8tres de cette zone?\u00a0\u00bb. Cliquez sur \u00ab\u00a0Oui\u00a0\u00bb.<\/li>\n<li>Cliquez sur le bouton \u00ab\u00a0OK\u00a0\u00bb pour enregistrer vos changements et fermez la bo\u00eete de dialogue \u00ab\u00a0Options Internet\u00a0\u00bb.<\/li>\n<\/ul>\n<p><strong>Logiciel de s\u00e9curit\u00e9<\/strong><\/p>\n<p>Certains visiteurs peuvent avoir de la difficult\u00e9 \u00e0 afficher correctement des parties de notre site\u00a0Web en raison de la configuration de leur logiciel de s\u00e9curit\u00e9. Les logiciels antivirus, pare-feu et de protection contre les logiciels malveillants peuvent restreindre l\u2019affichage de certains types de contenu de sites\u00a0Web. Veuillez communiquer avec votre expert des technologies de l\u2019information si vous n\u2019arrivez pas \u00e0 r\u00e9soudre le probl\u00e8me malgr\u00e9 les suggestions d\u00e9crites dans notre page d\u2019aide.<\/p>\n<p>Mis \u00e0 jour en juin 2015.<\/p>\n","protected":false},"excerpt":{"rendered":"<p>Quelle version de logiciel utilisez-vous? Si le logiciel que vous utilisez n\u2019est pas \u00e0 jour, de nombreux sites\u00a0Web, y\u00a0compris le n\u00f4tre, pourraient ne pas fonctionner correctement. Notre site\u00a0Web a fait l\u2019objet de tests pour v\u00e9rifier sa compatibilit\u00e9 avec la plupart des logiciels et des outils courants. Toutefois, certaines anciennes versions des navigateurs et des syst\u00e8mes &hellip; <\/p>\n<p class=\"link-more\"><a href=\"https:\/\/staging.rdba.ca\/fr\/aide-pour-le-site-web\/\" class=\"more-link\">Continue reading<span class=\"screen-reader-text\"> \u00ab\u00a0Aide pour le site\u00a0Web\u00a0\u00bb<\/span><\/a><\/p>\n","protected":false},"author":1,"featured_media":0,"parent":0,"menu_order":0,"comment_status":"closed","ping_status":"closed","template":"","meta":{"_acf_changed":false,"footnotes":""},"class_list":["post-769","page","type-page","status-publish","hentry"],"acf":[],"yoast_head":"<!-- This site is optimized with the Yoast SEO plugin v27.3 - https:\/\/yoast.com\/product\/yoast-seo-wordpress\/ -->\n<title>Aide pour le site\u00a0Web - Registered Deposit Brokers Association<\/title>\n<meta name=\"robots\" content=\"noindex, follow, max-snippet:-1, max-image-preview:large, max-video-preview:-1\" \/>\n<meta property=\"og:locale\" content=\"fr_FR\" \/>\n<meta property=\"og:type\" content=\"article\" \/>\n<meta property=\"og:title\" content=\"Aide pour le site\u00a0Web - Registered Deposit Brokers Association\" \/>\n<meta property=\"og:description\" content=\"Quelle version de logiciel utilisez-vous? Si le logiciel que vous utilisez n\u2019est pas \u00e0 jour, de nombreux sites\u00a0Web, y\u00a0compris le n\u00f4tre, pourraient ne pas fonctionner correctement. Notre site\u00a0Web a fait l\u2019objet de tests pour v\u00e9rifier sa compatibilit\u00e9 avec la plupart des logiciels et des outils courants. Toutefois, certaines anciennes versions des navigateurs et des syst\u00e8mes &hellip; Continue reading &quot;Aide pour le site\u00a0Web&quot;\" \/>\n<meta property=\"og:url\" content=\"https:\/\/staging.rdba.ca\/fr\/aide-pour-le-site-web\/\" \/>\n<meta property=\"og:site_name\" content=\"Registered Deposit Brokers Association\" \/>\n<meta property=\"article:modified_time\" content=\"2017-04-26T20:07:32+00:00\" \/>\n<meta name=\"twitter:card\" content=\"summary_large_image\" \/>\n<meta name=\"twitter:label1\" content=\"Dur\u00e9e de lecture estim\u00e9e\" \/>\n\t<meta name=\"twitter:data1\" content=\"4 minutes\" \/>\n<script type=\"application\/ld+json\" class=\"yoast-schema-graph\">{\"@context\":\"https:\\\/\\\/schema.org\",\"@graph\":[{\"@type\":\"WebPage\",\"@id\":\"https:\\\/\\\/staging.rdba.ca\\\/fr\\\/aide-pour-le-site-web\\\/\",\"url\":\"https:\\\/\\\/staging.rdba.ca\\\/fr\\\/aide-pour-le-site-web\\\/\",\"name\":\"Aide pour le site\u00a0Web - Registered Deposit Brokers Association\",\"isPartOf\":{\"@id\":\"https:\\\/\\\/staging.rdba.ca\\\/#website\"},\"datePublished\":\"2017-04-14T14:02:55+00:00\",\"dateModified\":\"2017-04-26T20:07:32+00:00\",\"breadcrumb\":{\"@id\":\"https:\\\/\\\/staging.rdba.ca\\\/fr\\\/aide-pour-le-site-web\\\/#breadcrumb\"},\"inLanguage\":\"fr-FR\",\"potentialAction\":[{\"@type\":\"ReadAction\",\"target\":[\"https:\\\/\\\/staging.rdba.ca\\\/fr\\\/aide-pour-le-site-web\\\/\"]}]},{\"@type\":\"BreadcrumbList\",\"@id\":\"https:\\\/\\\/staging.rdba.ca\\\/fr\\\/aide-pour-le-site-web\\\/#breadcrumb\",\"itemListElement\":[{\"@type\":\"ListItem\",\"position\":1,\"name\":\"Home\",\"item\":\"https:\\\/\\\/staging.rdba.ca\\\/fr\\\/\"},{\"@type\":\"ListItem\",\"position\":2,\"name\":\"Aide pour le site\u00a0Web\"}]},{\"@type\":\"WebSite\",\"@id\":\"https:\\\/\\\/staging.rdba.ca\\\/#website\",\"url\":\"https:\\\/\\\/staging.rdba.ca\\\/\",\"name\":\"Registered Deposit Brokers Association\",\"description\":\"\",\"publisher\":{\"@id\":\"https:\\\/\\\/staging.rdba.ca\\\/#organization\"},\"potentialAction\":[{\"@type\":\"SearchAction\",\"target\":{\"@type\":\"EntryPoint\",\"urlTemplate\":\"https:\\\/\\\/staging.rdba.ca\\\/?s={search_term_string}\"},\"query-input\":{\"@type\":\"PropertyValueSpecification\",\"valueRequired\":true,\"valueName\":\"search_term_string\"}}],\"inLanguage\":\"fr-FR\"},{\"@type\":\"Organization\",\"@id\":\"https:\\\/\\\/staging.rdba.ca\\\/#organization\",\"name\":\"Registered Deposit Brokers Association\",\"url\":\"https:\\\/\\\/staging.rdba.ca\\\/\",\"logo\":{\"@type\":\"ImageObject\",\"inLanguage\":\"fr-FR\",\"@id\":\"https:\\\/\\\/staging.rdba.ca\\\/#\\\/schema\\\/logo\\\/image\\\/\",\"url\":\"https:\\\/\\\/staging.rdba.ca\\\/wp-content\\\/uploads\\\/2017\\\/03\\\/logo.png\",\"contentUrl\":\"https:\\\/\\\/staging.rdba.ca\\\/wp-content\\\/uploads\\\/2017\\\/03\\\/logo.png\",\"width\":322,\"height\":79,\"caption\":\"Registered Deposit Brokers Association\"},\"image\":{\"@id\":\"https:\\\/\\\/staging.rdba.ca\\\/#\\\/schema\\\/logo\\\/image\\\/\"}}]}<\/script>\n<!-- \/ Yoast SEO plugin. -->","yoast_head_json":{"title":"Aide pour le site\u00a0Web - Registered Deposit Brokers Association","robots":{"index":"noindex","follow":"follow","max-snippet":"max-snippet:-1","max-image-preview":"max-image-preview:large","max-video-preview":"max-video-preview:-1"},"og_locale":"fr_FR","og_type":"article","og_title":"Aide pour le site\u00a0Web - Registered Deposit Brokers Association","og_description":"Quelle version de logiciel utilisez-vous? Si le logiciel que vous utilisez n\u2019est pas \u00e0 jour, de nombreux sites\u00a0Web, y\u00a0compris le n\u00f4tre, pourraient ne pas fonctionner correctement. Notre site\u00a0Web a fait l\u2019objet de tests pour v\u00e9rifier sa compatibilit\u00e9 avec la plupart des logiciels et des outils courants. Toutefois, certaines anciennes versions des navigateurs et des syst\u00e8mes &hellip; Continue reading \"Aide pour le site\u00a0Web\"","og_url":"https:\/\/staging.rdba.ca\/fr\/aide-pour-le-site-web\/","og_site_name":"Registered Deposit Brokers Association","article_modified_time":"2017-04-26T20:07:32+00:00","twitter_card":"summary_large_image","twitter_misc":{"Dur\u00e9e de lecture estim\u00e9e":"4 minutes"},"schema":{"@context":"https:\/\/schema.org","@graph":[{"@type":"WebPage","@id":"https:\/\/staging.rdba.ca\/fr\/aide-pour-le-site-web\/","url":"https:\/\/staging.rdba.ca\/fr\/aide-pour-le-site-web\/","name":"Aide pour le site\u00a0Web - Registered Deposit Brokers Association","isPartOf":{"@id":"https:\/\/staging.rdba.ca\/#website"},"datePublished":"2017-04-14T14:02:55+00:00","dateModified":"2017-04-26T20:07:32+00:00","breadcrumb":{"@id":"https:\/\/staging.rdba.ca\/fr\/aide-pour-le-site-web\/#breadcrumb"},"inLanguage":"fr-FR","potentialAction":[{"@type":"ReadAction","target":["https:\/\/staging.rdba.ca\/fr\/aide-pour-le-site-web\/"]}]},{"@type":"BreadcrumbList","@id":"https:\/\/staging.rdba.ca\/fr\/aide-pour-le-site-web\/#breadcrumb","itemListElement":[{"@type":"ListItem","position":1,"name":"Home","item":"https:\/\/staging.rdba.ca\/fr\/"},{"@type":"ListItem","position":2,"name":"Aide pour le site\u00a0Web"}]},{"@type":"WebSite","@id":"https:\/\/staging.rdba.ca\/#website","url":"https:\/\/staging.rdba.ca\/","name":"Registered Deposit Brokers Association","description":"","publisher":{"@id":"https:\/\/staging.rdba.ca\/#organization"},"potentialAction":[{"@type":"SearchAction","target":{"@type":"EntryPoint","urlTemplate":"https:\/\/staging.rdba.ca\/?s={search_term_string}"},"query-input":{"@type":"PropertyValueSpecification","valueRequired":true,"valueName":"search_term_string"}}],"inLanguage":"fr-FR"},{"@type":"Organization","@id":"https:\/\/staging.rdba.ca\/#organization","name":"Registered Deposit Brokers Association","url":"https:\/\/staging.rdba.ca\/","logo":{"@type":"ImageObject","inLanguage":"fr-FR","@id":"https:\/\/staging.rdba.ca\/#\/schema\/logo\/image\/","url":"https:\/\/staging.rdba.ca\/wp-content\/uploads\/2017\/03\/logo.png","contentUrl":"https:\/\/staging.rdba.ca\/wp-content\/uploads\/2017\/03\/logo.png","width":322,"height":79,"caption":"Registered Deposit Brokers Association"},"image":{"@id":"https:\/\/staging.rdba.ca\/#\/schema\/logo\/image\/"}}]}},"_links":{"self":[{"href":"https:\/\/staging.rdba.ca\/fr\/wp-json\/wp\/v2\/pages\/769","targetHints":{"allow":["GET"]}}],"collection":[{"href":"https:\/\/staging.rdba.ca\/fr\/wp-json\/wp\/v2\/pages"}],"about":[{"href":"https:\/\/staging.rdba.ca\/fr\/wp-json\/wp\/v2\/types\/page"}],"author":[{"embeddable":true,"href":"https:\/\/staging.rdba.ca\/fr\/wp-json\/wp\/v2\/users\/1"}],"replies":[{"embeddable":true,"href":"https:\/\/staging.rdba.ca\/fr\/wp-json\/wp\/v2\/comments?post=769"}],"version-history":[{"count":2,"href":"https:\/\/staging.rdba.ca\/fr\/wp-json\/wp\/v2\/pages\/769\/revisions"}],"predecessor-version":[{"id":795,"href":"https:\/\/staging.rdba.ca\/fr\/wp-json\/wp\/v2\/pages\/769\/revisions\/795"}],"wp:attachment":[{"href":"https:\/\/staging.rdba.ca\/fr\/wp-json\/wp\/v2\/media?parent=769"}],"curies":[{"name":"wp","href":"https:\/\/api.w.org\/{rel}","templated":true}]}}